{"id":769,"date":"2020-08-05T15:29:29","date_gmt":"2020-08-05T20:29:29","guid":{"rendered":"https:\/\/layfieldlp.com\/fusiones-y-adquisiciones\/"},"modified":"2020-08-06T18:38:34","modified_gmt":"2020-08-06T23:38:34","slug":"fusiones-y-adquisiciones","status":"publish","type":"page","link":"https:\/\/layfieldlp.com\/es\/fusiones-y-adquisiciones\/","title":{"rendered":"Fusiones y adquisiciones"},"content":{"rendered":"","protected":false},"excerpt":{"rendered":"","protected":false},"author":3,"featured_media":678,"parent":0,"menu_order":7,"comment_status":"closed","ping_status":"closed","template":"page-templates\/practice-area-page.php","meta":{"_acf_changed":false,"footnotes":""},"class_list":["post-769","page","type-page","status-publish","has-post-thumbnail","hentry"],"acf":[],"yoast_head":"<!-- This site is optimized with the Yoast SEO plugin v27.3 - https:\/\/yoast.com\/product\/yoast-seo-wordpress\/ -->\n<title>Fusiones y adquisiciones - Layfield Law Practice - Austin, TX<\/title>\n<meta name=\"description\" content=\"En el mundo a menudo complejo de las transacciones de fusiones y adquisiciones, nuestros clientes quieren un asesoramiento legal en el que puedan confiar para luchar por ellas. Ya sea usted el comprador o vendedor, Layfield Law Practice priorizar\u00e1 lo que m\u00e1s le importa, y que as\u00ed pueda estar en la mejor posici\u00f3n para cumplir con sus objetivos de negocio.\" \/>\n<meta name=\"robots\" content=\"index, follow, max-snippet:-1, max-image-preview:large, max-video-preview:-1\" \/>\n<link rel=\"canonical\" href=\"https:\/\/layfieldlp.com\/es\/fusiones-y-adquisiciones\/\" \/>\n<meta property=\"og:locale\" content=\"es_ES\" \/>\n<meta property=\"og:type\" content=\"article\" \/>\n<meta property=\"og:title\" content=\"Fusiones y adquisiciones - Layfield Law Practice - Austin, TX\" \/>\n<meta property=\"og:description\" content=\"En el mundo a menudo complejo de las transacciones de fusiones y adquisiciones, nuestros clientes quieren un asesoramiento legal en el que puedan confiar para luchar por ellas. Ya sea usted el comprador o vendedor, Layfield Law Practice priorizar\u00e1 lo que m\u00e1s le importa, y que as\u00ed pueda estar en la mejor posici\u00f3n para cumplir con sus objetivos de negocio.\" \/>\n<meta property=\"og:url\" content=\"https:\/\/layfieldlp.com\/es\/fusiones-y-adquisiciones\/\" \/>\n<meta property=\"og:site_name\" content=\"Layfield Law Practice\" \/>\n<meta property=\"article:modified_time\" content=\"2020-08-06T23:38:34+00:00\" \/>\n<meta property=\"og:image\" content=\"https:\/\/layfieldlp.com\/wp-content\/uploads\/2020\/04\/layfield-law-practice-327132596.jpg\" \/>\n\t<meta property=\"og:image:width\" content=\"3000\" \/>\n\t<meta property=\"og:image:height\" content=\"2000\" \/>\n\t<meta property=\"og:image:type\" content=\"image\/jpeg\" \/>\n<meta name=\"twitter:card\" content=\"summary_large_image\" \/>\n<script type=\"application\/ld+json\" class=\"yoast-schema-graph\">{\"@context\":\"https:\\\/\\\/schema.org\",\"@graph\":[{\"@type\":\"WebPage\",\"@id\":\"https:\\\/\\\/layfieldlp.com\\\/es\\\/fusiones-y-adquisiciones\\\/\",\"url\":\"https:\\\/\\\/layfieldlp.com\\\/es\\\/fusiones-y-adquisiciones\\\/\",\"name\":\"Fusiones y adquisiciones - Layfield Law Practice - Austin, TX\",\"isPartOf\":{\"@id\":\"https:\\\/\\\/layfieldlp.com\\\/es\\\/#website\"},\"primaryImageOfPage\":{\"@id\":\"https:\\\/\\\/layfieldlp.com\\\/es\\\/fusiones-y-adquisiciones\\\/#primaryimage\"},\"image\":{\"@id\":\"https:\\\/\\\/layfieldlp.com\\\/es\\\/fusiones-y-adquisiciones\\\/#primaryimage\"},\"thumbnailUrl\":\"https:\\\/\\\/layfieldlp.com\\\/wp-content\\\/uploads\\\/2020\\\/04\\\/layfield-law-practice-327132596.jpg\",\"datePublished\":\"2020-08-05T20:29:29+00:00\",\"dateModified\":\"2020-08-06T23:38:34+00:00\",\"description\":\"En el mundo a menudo complejo de las transacciones de fusiones y adquisiciones, nuestros clientes quieren un asesoramiento legal en el que puedan confiar para luchar por ellas. Ya sea usted el comprador o vendedor, Layfield Law Practice priorizar\u00e1 lo que m\u00e1s le importa, y que as\u00ed pueda estar en la mejor posici\u00f3n para cumplir con sus objetivos de negocio.\",\"breadcrumb\":{\"@id\":\"https:\\\/\\\/layfieldlp.com\\\/es\\\/fusiones-y-adquisiciones\\\/#breadcrumb\"},\"inLanguage\":\"es-ES\",\"potentialAction\":[{\"@type\":\"ReadAction\",\"target\":[\"https:\\\/\\\/layfieldlp.com\\\/es\\\/fusiones-y-adquisiciones\\\/\"]}]},{\"@type\":\"ImageObject\",\"inLanguage\":\"es-ES\",\"@id\":\"https:\\\/\\\/layfieldlp.com\\\/es\\\/fusiones-y-adquisiciones\\\/#primaryimage\",\"url\":\"https:\\\/\\\/layfieldlp.com\\\/wp-content\\\/uploads\\\/2020\\\/04\\\/layfield-law-practice-327132596.jpg\",\"contentUrl\":\"https:\\\/\\\/layfieldlp.com\\\/wp-content\\\/uploads\\\/2020\\\/04\\\/layfield-law-practice-327132596.jpg\",\"width\":3000,\"height\":2000,\"caption\":\"camino de madera junto a estanque con peces que ilustra el concepto de fusiones y adquisiciones\"},{\"@type\":\"BreadcrumbList\",\"@id\":\"https:\\\/\\\/layfieldlp.com\\\/es\\\/fusiones-y-adquisiciones\\\/#breadcrumb\",\"itemListElement\":[{\"@type\":\"ListItem\",\"position\":1,\"name\":\"Home\",\"item\":\"https:\\\/\\\/layfieldlp.com\\\/es\\\/\"},{\"@type\":\"ListItem\",\"position\":2,\"name\":\"Fusiones y adquisiciones\"}]},{\"@type\":\"WebSite\",\"@id\":\"https:\\\/\\\/layfieldlp.com\\\/es\\\/#website\",\"url\":\"https:\\\/\\\/layfieldlp.com\\\/es\\\/\",\"name\":\"Layfield Law Practice\",\"description\":\"\",\"publisher\":{\"@id\":\"https:\\\/\\\/layfieldlp.com\\\/es\\\/#organization\"},\"potentialAction\":[{\"@type\":\"SearchAction\",\"target\":{\"@type\":\"EntryPoint\",\"urlTemplate\":\"https:\\\/\\\/layfieldlp.com\\\/es\\\/?s={search_term_string}\"},\"query-input\":{\"@type\":\"PropertyValueSpecification\",\"valueRequired\":true,\"valueName\":\"search_term_string\"}}],\"inLanguage\":\"es-ES\"},{\"@type\":\"Organization\",\"@id\":\"https:\\\/\\\/layfieldlp.com\\\/es\\\/#organization\",\"name\":\"Layfield Law Practice\",\"url\":\"https:\\\/\\\/layfieldlp.com\\\/es\\\/\",\"logo\":{\"@type\":\"ImageObject\",\"inLanguage\":\"es-ES\",\"@id\":\"https:\\\/\\\/layfieldlp.com\\\/es\\\/#\\\/schema\\\/logo\\\/image\\\/\",\"url\":\"\",\"contentUrl\":\"\",\"caption\":\"Layfield Law Practice\"},\"image\":{\"@id\":\"https:\\\/\\\/layfieldlp.com\\\/es\\\/#\\\/schema\\\/logo\\\/image\\\/\"},\"sameAs\":[\"https:\\\/\\\/www.linkedin.com\\\/in\\\/monicalayfield\\\/\"]}]}<\/script>\n<!-- \/ Yoast SEO plugin. -->","yoast_head_json":{"title":"Fusiones y adquisiciones - Layfield Law Practice - Austin, TX","description":"En el mundo a menudo complejo de las transacciones de fusiones y adquisiciones, nuestros clientes quieren un asesoramiento legal en el que puedan confiar para luchar por ellas. Ya sea usted el comprador o vendedor, Layfield Law Practice priorizar\u00e1 lo que m\u00e1s le importa, y que as\u00ed pueda estar en la mejor posici\u00f3n para cumplir con sus objetivos de negocio.","robots":{"index":"index","follow":"follow","max-snippet":"max-snippet:-1","max-image-preview":"max-image-preview:large","max-video-preview":"max-video-preview:-1"},"canonical":"https:\/\/layfieldlp.com\/es\/fusiones-y-adquisiciones\/","og_locale":"es_ES","og_type":"article","og_title":"Fusiones y adquisiciones - Layfield Law Practice - Austin, TX","og_description":"En el mundo a menudo complejo de las transacciones de fusiones y adquisiciones, nuestros clientes quieren un asesoramiento legal en el que puedan confiar para luchar por ellas. Ya sea usted el comprador o vendedor, Layfield Law Practice priorizar\u00e1 lo que m\u00e1s le importa, y que as\u00ed pueda estar en la mejor posici\u00f3n para cumplir con sus objetivos de negocio.","og_url":"https:\/\/layfieldlp.com\/es\/fusiones-y-adquisiciones\/","og_site_name":"Layfield Law Practice","article_modified_time":"2020-08-06T23:38:34+00:00","og_image":[{"width":3000,"height":2000,"url":"https:\/\/layfieldlp.com\/wp-content\/uploads\/2020\/04\/layfield-law-practice-327132596.jpg","type":"image\/jpeg"}],"twitter_card":"summary_large_image","schema":{"@context":"https:\/\/schema.org","@graph":[{"@type":"WebPage","@id":"https:\/\/layfieldlp.com\/es\/fusiones-y-adquisiciones\/","url":"https:\/\/layfieldlp.com\/es\/fusiones-y-adquisiciones\/","name":"Fusiones y adquisiciones - Layfield Law Practice - Austin, TX","isPartOf":{"@id":"https:\/\/layfieldlp.com\/es\/#website"},"primaryImageOfPage":{"@id":"https:\/\/layfieldlp.com\/es\/fusiones-y-adquisiciones\/#primaryimage"},"image":{"@id":"https:\/\/layfieldlp.com\/es\/fusiones-y-adquisiciones\/#primaryimage"},"thumbnailUrl":"https:\/\/layfieldlp.com\/wp-content\/uploads\/2020\/04\/layfield-law-practice-327132596.jpg","datePublished":"2020-08-05T20:29:29+00:00","dateModified":"2020-08-06T23:38:34+00:00","description":"En el mundo a menudo complejo de las transacciones de fusiones y adquisiciones, nuestros clientes quieren un asesoramiento legal en el que puedan confiar para luchar por ellas. Ya sea usted el comprador o vendedor, Layfield Law Practice priorizar\u00e1 lo que m\u00e1s le importa, y que as\u00ed pueda estar en la mejor posici\u00f3n para cumplir con sus objetivos de negocio.","breadcrumb":{"@id":"https:\/\/layfieldlp.com\/es\/fusiones-y-adquisiciones\/#breadcrumb"},"inLanguage":"es-ES","potentialAction":[{"@type":"ReadAction","target":["https:\/\/layfieldlp.com\/es\/fusiones-y-adquisiciones\/"]}]},{"@type":"ImageObject","inLanguage":"es-ES","@id":"https:\/\/layfieldlp.com\/es\/fusiones-y-adquisiciones\/#primaryimage","url":"https:\/\/layfieldlp.com\/wp-content\/uploads\/2020\/04\/layfield-law-practice-327132596.jpg","contentUrl":"https:\/\/layfieldlp.com\/wp-content\/uploads\/2020\/04\/layfield-law-practice-327132596.jpg","width":3000,"height":2000,"caption":"camino de madera junto a estanque con peces que ilustra el concepto de fusiones y adquisiciones"},{"@type":"BreadcrumbList","@id":"https:\/\/layfieldlp.com\/es\/fusiones-y-adquisiciones\/#breadcrumb","itemListElement":[{"@type":"ListItem","position":1,"name":"Home","item":"https:\/\/layfieldlp.com\/es\/"},{"@type":"ListItem","position":2,"name":"Fusiones y adquisiciones"}]},{"@type":"WebSite","@id":"https:\/\/layfieldlp.com\/es\/#website","url":"https:\/\/layfieldlp.com\/es\/","name":"Layfield Law Practice","description":"","publisher":{"@id":"https:\/\/layfieldlp.com\/es\/#organization"},"potentialAction":[{"@type":"SearchAction","target":{"@type":"EntryPoint","urlTemplate":"https:\/\/layfieldlp.com\/es\/?s={search_term_string}"},"query-input":{"@type":"PropertyValueSpecification","valueRequired":true,"valueName":"search_term_string"}}],"inLanguage":"es-ES"},{"@type":"Organization","@id":"https:\/\/layfieldlp.com\/es\/#organization","name":"Layfield Law Practice","url":"https:\/\/layfieldlp.com\/es\/","logo":{"@type":"ImageObject","inLanguage":"es-ES","@id":"https:\/\/layfieldlp.com\/es\/#\/schema\/logo\/image\/","url":"","contentUrl":"","caption":"Layfield Law Practice"},"image":{"@id":"https:\/\/layfieldlp.com\/es\/#\/schema\/logo\/image\/"},"sameAs":["https:\/\/www.linkedin.com\/in\/monicalayfield\/"]}]}},"_links":{"self":[{"href":"https:\/\/layfieldlp.com\/es\/wp-json\/wp\/v2\/pages\/769","targetHints":{"allow":["GET"]}}],"collection":[{"href":"https:\/\/layfieldlp.com\/es\/wp-json\/wp\/v2\/pages"}],"about":[{"href":"https:\/\/layfieldlp.com\/es\/wp-json\/wp\/v2\/types\/page"}],"author":[{"embeddable":true,"href":"https:\/\/layfieldlp.com\/es\/wp-json\/wp\/v2\/users\/3"}],"replies":[{"embeddable":true,"href":"https:\/\/layfieldlp.com\/es\/wp-json\/wp\/v2\/comments?post=769"}],"version-history":[{"count":0,"href":"https:\/\/layfieldlp.com\/es\/wp-json\/wp\/v2\/pages\/769\/revisions"}],"wp:featuredmedia":[{"embeddable":true,"href":"https:\/\/layfieldlp.com\/es\/wp-json\/wp\/v2\/media\/678"}],"wp:attachment":[{"href":"https:\/\/layfieldlp.com\/es\/wp-json\/wp\/v2\/media?parent=769"}],"curies":[{"name":"wp","href":"https:\/\/api.w.org\/{rel}","templated":true}]}}