{"id":768,"date":"2020-08-05T15:28:14","date_gmt":"2020-08-05T20:28:14","guid":{"rendered":"https:\/\/layfieldlp.com\/software-y-tecnologia\/"},"modified":"2020-08-06T18:40:50","modified_gmt":"2020-08-06T23:40:50","slug":"software-y-tecnologia","status":"publish","type":"page","link":"https:\/\/layfieldlp.com\/es\/software-y-tecnologia\/","title":{"rendered":"Software y tecnolog\u00eda"},"content":{"rendered":"","protected":false},"excerpt":{"rendered":"","protected":false},"author":3,"featured_media":681,"parent":0,"menu_order":25,"comment_status":"closed","ping_status":"closed","template":"page-templates\/practice-area-page.php","meta":{"_acf_changed":false,"footnotes":""},"class_list":["post-768","page","type-page","status-publish","has-post-thumbnail","hentry"],"acf":[],"yoast_head":"<!-- This site is optimized with the Yoast SEO plugin v27.3 - https:\/\/yoast.com\/product\/yoast-seo-wordpress\/ -->\n<title>Software y tecnolog\u00eda - Layfield Law Practice - Austin, TX<\/title>\n<meta name=\"description\" content=\"Layfield Law Practice tiene experiencia representando a empresas tecnol\u00f3gicas de Fortune 50 y a empresas de crecimiento emergentes. Poseemos los medios para negociar, redactar y modificar h\u00e1bilmente todo tipo de acuerdos de software y tecnolog\u00eda.\" \/>\n<meta name=\"robots\" content=\"index, follow, max-snippet:-1, max-image-preview:large, max-video-preview:-1\" \/>\n<link rel=\"canonical\" href=\"https:\/\/layfieldlp.com\/es\/software-y-tecnologia\/\" \/>\n<meta property=\"og:locale\" content=\"es_ES\" \/>\n<meta property=\"og:type\" content=\"article\" \/>\n<meta property=\"og:title\" content=\"Software y tecnolog\u00eda - Layfield Law Practice - Austin, TX\" \/>\n<meta property=\"og:description\" content=\"Layfield Law Practice tiene experiencia representando a empresas tecnol\u00f3gicas de Fortune 50 y a empresas de crecimiento emergentes. Poseemos los medios para negociar, redactar y modificar h\u00e1bilmente todo tipo de acuerdos de software y tecnolog\u00eda.\" \/>\n<meta property=\"og:url\" content=\"https:\/\/layfieldlp.com\/es\/software-y-tecnologia\/\" \/>\n<meta property=\"og:site_name\" content=\"Layfield Law Practice\" \/>\n<meta property=\"article:modified_time\" content=\"2020-08-06T23:40:50+00:00\" \/>\n<meta property=\"og:image\" content=\"https:\/\/layfieldlp.com\/wp-content\/uploads\/2020\/04\/layfield-law-practice-233372863.jpg\" \/>\n\t<meta property=\"og:image:width\" content=\"3000\" \/>\n\t<meta property=\"og:image:height\" content=\"2000\" \/>\n\t<meta property=\"og:image:type\" content=\"image\/jpeg\" \/>\n<meta name=\"twitter:card\" content=\"summary_large_image\" \/>\n<script type=\"application\/ld+json\" class=\"yoast-schema-graph\">{\"@context\":\"https:\\\/\\\/schema.org\",\"@graph\":[{\"@type\":\"WebPage\",\"@id\":\"https:\\\/\\\/layfieldlp.com\\\/es\\\/software-y-tecnologia\\\/\",\"url\":\"https:\\\/\\\/layfieldlp.com\\\/es\\\/software-y-tecnologia\\\/\",\"name\":\"Software y tecnolog\u00eda - Layfield Law Practice - Austin, TX\",\"isPartOf\":{\"@id\":\"https:\\\/\\\/layfieldlp.com\\\/es\\\/#website\"},\"primaryImageOfPage\":{\"@id\":\"https:\\\/\\\/layfieldlp.com\\\/es\\\/software-y-tecnologia\\\/#primaryimage\"},\"image\":{\"@id\":\"https:\\\/\\\/layfieldlp.com\\\/es\\\/software-y-tecnologia\\\/#primaryimage\"},\"thumbnailUrl\":\"https:\\\/\\\/layfieldlp.com\\\/wp-content\\\/uploads\\\/2020\\\/04\\\/layfield-law-practice-233372863.jpg\",\"datePublished\":\"2020-08-05T20:28:14+00:00\",\"dateModified\":\"2020-08-06T23:40:50+00:00\",\"description\":\"Layfield Law Practice tiene experiencia representando a empresas tecnol\u00f3gicas de Fortune 50 y a empresas de crecimiento emergentes. Poseemos los medios para negociar, redactar y modificar h\u00e1bilmente todo tipo de acuerdos de software y tecnolog\u00eda.\",\"breadcrumb\":{\"@id\":\"https:\\\/\\\/layfieldlp.com\\\/es\\\/software-y-tecnologia\\\/#breadcrumb\"},\"inLanguage\":\"es-ES\",\"potentialAction\":[{\"@type\":\"ReadAction\",\"target\":[\"https:\\\/\\\/layfieldlp.com\\\/es\\\/software-y-tecnologia\\\/\"]}]},{\"@type\":\"ImageObject\",\"inLanguage\":\"es-ES\",\"@id\":\"https:\\\/\\\/layfieldlp.com\\\/es\\\/software-y-tecnologia\\\/#primaryimage\",\"url\":\"https:\\\/\\\/layfieldlp.com\\\/wp-content\\\/uploads\\\/2020\\\/04\\\/layfield-law-practice-233372863.jpg\",\"contentUrl\":\"https:\\\/\\\/layfieldlp.com\\\/wp-content\\\/uploads\\\/2020\\\/04\\\/layfield-law-practice-233372863.jpg\",\"width\":3000,\"height\":2000,\"caption\":\"aviones de papel rojo y blanco que ilustran la idea de software y tecnolog\u00eda\"},{\"@type\":\"BreadcrumbList\",\"@id\":\"https:\\\/\\\/layfieldlp.com\\\/es\\\/software-y-tecnologia\\\/#breadcrumb\",\"itemListElement\":[{\"@type\":\"ListItem\",\"position\":1,\"name\":\"Home\",\"item\":\"https:\\\/\\\/layfieldlp.com\\\/es\\\/\"},{\"@type\":\"ListItem\",\"position\":2,\"name\":\"Software y tecnolog\u00eda\"}]},{\"@type\":\"WebSite\",\"@id\":\"https:\\\/\\\/layfieldlp.com\\\/es\\\/#website\",\"url\":\"https:\\\/\\\/layfieldlp.com\\\/es\\\/\",\"name\":\"Layfield Law Practice\",\"description\":\"\",\"publisher\":{\"@id\":\"https:\\\/\\\/layfieldlp.com\\\/es\\\/#organization\"},\"potentialAction\":[{\"@type\":\"SearchAction\",\"target\":{\"@type\":\"EntryPoint\",\"urlTemplate\":\"https:\\\/\\\/layfieldlp.com\\\/es\\\/?s={search_term_string}\"},\"query-input\":{\"@type\":\"PropertyValueSpecification\",\"valueRequired\":true,\"valueName\":\"search_term_string\"}}],\"inLanguage\":\"es-ES\"},{\"@type\":\"Organization\",\"@id\":\"https:\\\/\\\/layfieldlp.com\\\/es\\\/#organization\",\"name\":\"Layfield Law Practice\",\"url\":\"https:\\\/\\\/layfieldlp.com\\\/es\\\/\",\"logo\":{\"@type\":\"ImageObject\",\"inLanguage\":\"es-ES\",\"@id\":\"https:\\\/\\\/layfieldlp.com\\\/es\\\/#\\\/schema\\\/logo\\\/image\\\/\",\"url\":\"\",\"contentUrl\":\"\",\"caption\":\"Layfield Law Practice\"},\"image\":{\"@id\":\"https:\\\/\\\/layfieldlp.com\\\/es\\\/#\\\/schema\\\/logo\\\/image\\\/\"},\"sameAs\":[\"https:\\\/\\\/www.linkedin.com\\\/in\\\/monicalayfield\\\/\"]}]}<\/script>\n<!-- \/ Yoast SEO plugin. -->","yoast_head_json":{"title":"Software y tecnolog\u00eda - Layfield Law Practice - Austin, TX","description":"Layfield Law Practice tiene experiencia representando a empresas tecnol\u00f3gicas de Fortune 50 y a empresas de crecimiento emergentes. Poseemos los medios para negociar, redactar y modificar h\u00e1bilmente todo tipo de acuerdos de software y tecnolog\u00eda.","robots":{"index":"index","follow":"follow","max-snippet":"max-snippet:-1","max-image-preview":"max-image-preview:large","max-video-preview":"max-video-preview:-1"},"canonical":"https:\/\/layfieldlp.com\/es\/software-y-tecnologia\/","og_locale":"es_ES","og_type":"article","og_title":"Software y tecnolog\u00eda - Layfield Law Practice - Austin, TX","og_description":"Layfield Law Practice tiene experiencia representando a empresas tecnol\u00f3gicas de Fortune 50 y a empresas de crecimiento emergentes. Poseemos los medios para negociar, redactar y modificar h\u00e1bilmente todo tipo de acuerdos de software y tecnolog\u00eda.","og_url":"https:\/\/layfieldlp.com\/es\/software-y-tecnologia\/","og_site_name":"Layfield Law Practice","article_modified_time":"2020-08-06T23:40:50+00:00","og_image":[{"width":3000,"height":2000,"url":"https:\/\/layfieldlp.com\/wp-content\/uploads\/2020\/04\/layfield-law-practice-233372863.jpg","type":"image\/jpeg"}],"twitter_card":"summary_large_image","schema":{"@context":"https:\/\/schema.org","@graph":[{"@type":"WebPage","@id":"https:\/\/layfieldlp.com\/es\/software-y-tecnologia\/","url":"https:\/\/layfieldlp.com\/es\/software-y-tecnologia\/","name":"Software y tecnolog\u00eda - Layfield Law Practice - Austin, TX","isPartOf":{"@id":"https:\/\/layfieldlp.com\/es\/#website"},"primaryImageOfPage":{"@id":"https:\/\/layfieldlp.com\/es\/software-y-tecnologia\/#primaryimage"},"image":{"@id":"https:\/\/layfieldlp.com\/es\/software-y-tecnologia\/#primaryimage"},"thumbnailUrl":"https:\/\/layfieldlp.com\/wp-content\/uploads\/2020\/04\/layfield-law-practice-233372863.jpg","datePublished":"2020-08-05T20:28:14+00:00","dateModified":"2020-08-06T23:40:50+00:00","description":"Layfield Law Practice tiene experiencia representando a empresas tecnol\u00f3gicas de Fortune 50 y a empresas de crecimiento emergentes. Poseemos los medios para negociar, redactar y modificar h\u00e1bilmente todo tipo de acuerdos de software y tecnolog\u00eda.","breadcrumb":{"@id":"https:\/\/layfieldlp.com\/es\/software-y-tecnologia\/#breadcrumb"},"inLanguage":"es-ES","potentialAction":[{"@type":"ReadAction","target":["https:\/\/layfieldlp.com\/es\/software-y-tecnologia\/"]}]},{"@type":"ImageObject","inLanguage":"es-ES","@id":"https:\/\/layfieldlp.com\/es\/software-y-tecnologia\/#primaryimage","url":"https:\/\/layfieldlp.com\/wp-content\/uploads\/2020\/04\/layfield-law-practice-233372863.jpg","contentUrl":"https:\/\/layfieldlp.com\/wp-content\/uploads\/2020\/04\/layfield-law-practice-233372863.jpg","width":3000,"height":2000,"caption":"aviones de papel rojo y blanco que ilustran la idea de software y tecnolog\u00eda"},{"@type":"BreadcrumbList","@id":"https:\/\/layfieldlp.com\/es\/software-y-tecnologia\/#breadcrumb","itemListElement":[{"@type":"ListItem","position":1,"name":"Home","item":"https:\/\/layfieldlp.com\/es\/"},{"@type":"ListItem","position":2,"name":"Software y tecnolog\u00eda"}]},{"@type":"WebSite","@id":"https:\/\/layfieldlp.com\/es\/#website","url":"https:\/\/layfieldlp.com\/es\/","name":"Layfield Law Practice","description":"","publisher":{"@id":"https:\/\/layfieldlp.com\/es\/#organization"},"potentialAction":[{"@type":"SearchAction","target":{"@type":"EntryPoint","urlTemplate":"https:\/\/layfieldlp.com\/es\/?s={search_term_string}"},"query-input":{"@type":"PropertyValueSpecification","valueRequired":true,"valueName":"search_term_string"}}],"inLanguage":"es-ES"},{"@type":"Organization","@id":"https:\/\/layfieldlp.com\/es\/#organization","name":"Layfield Law Practice","url":"https:\/\/layfieldlp.com\/es\/","logo":{"@type":"ImageObject","inLanguage":"es-ES","@id":"https:\/\/layfieldlp.com\/es\/#\/schema\/logo\/image\/","url":"","contentUrl":"","caption":"Layfield Law Practice"},"image":{"@id":"https:\/\/layfieldlp.com\/es\/#\/schema\/logo\/image\/"},"sameAs":["https:\/\/www.linkedin.com\/in\/monicalayfield\/"]}]}},"_links":{"self":[{"href":"https:\/\/layfieldlp.com\/es\/wp-json\/wp\/v2\/pages\/768","targetHints":{"allow":["GET"]}}],"collection":[{"href":"https:\/\/layfieldlp.com\/es\/wp-json\/wp\/v2\/pages"}],"about":[{"href":"https:\/\/layfieldlp.com\/es\/wp-json\/wp\/v2\/types\/page"}],"author":[{"embeddable":true,"href":"https:\/\/layfieldlp.com\/es\/wp-json\/wp\/v2\/users\/3"}],"replies":[{"embeddable":true,"href":"https:\/\/layfieldlp.com\/es\/wp-json\/wp\/v2\/comments?post=768"}],"version-history":[{"count":0,"href":"https:\/\/layfieldlp.com\/es\/wp-json\/wp\/v2\/pages\/768\/revisions"}],"wp:featuredmedia":[{"embeddable":true,"href":"https:\/\/layfieldlp.com\/es\/wp-json\/wp\/v2\/media\/681"}],"wp:attachment":[{"href":"https:\/\/layfieldlp.com\/es\/wp-json\/wp\/v2\/media?parent=768"}],"curies":[{"name":"wp","href":"https:\/\/api.w.org\/{rel}","templated":true}]}}